{"id":606,"date":"2025-11-19T08:35:56","date_gmt":"2025-11-19T08:35:56","guid":{"rendered":"https:\/\/petair.fissunov.com\/luftreiniger-fur-haustierbesitzer-d1-sp201-b\/"},"modified":"2025-11-27T17:49:28","modified_gmt":"2025-11-27T17:49:28","slug":"luftreiniger-fur-haustierbesitzer-d1-sp201-b","status":"publish","type":"page","link":"https:\/\/petair.fissunov.com\/it\/luftreiniger-fur-haustierbesitzer-d1-sp201-b\/","title":{"rendered":"D1-SP201-B"},"content":{"rendered":"<section class=\"l-section wpb_row height_medium\"><div class=\"l-section-h i-cf\"><div class=\"g-cols vc_row via_grid cols_1 laptops-cols_inherit tablets-cols_inherit mobiles-cols_1 valign_top type_default stacking_default\"><div class=\"wpb_column vc_column_container\"><div class=\"vc_column-inner\"><div class=\"g-cols wpb_row via_grid cols_2 laptops-cols_inherit tablets-cols_inherit mobiles-cols_1 valign_top type_default stacking_default\" style=\"--columns-gap:3rem;\"><div class=\"wpb_column vc_column_container\"><div class=\"vc_column-inner\"><h1 class=\"w-text\"><span class=\"w-text-h\"><span class=\"w-text-value\">PETAIR &#8211; Luftreiniger f\u00fcr Haustierbesitzer D1-SP201-B<\/span><\/span><\/h1><div class=\"wpb_text_column\"><div class=\"wpb_wrapper\"><p>PETAIR \u2013 Der smarte Luftreiniger f\u00fcr Haustierbesitzer mit integriertem Katzenspielzeug und einem Kratzbaum<\/p>\n<p>Atmen Sie auf \u2013 und lassen Sie Ihre Katze spielen! Der Petair D1-SP201-B vereint modernste Luftreinigungstechnologie mit interaktiver Unterhaltung f\u00fcr Ihre Samtpfote. Entwickelt speziell f\u00fcr Haustierhaushalte, sorgt er f\u00fcr frische, allergenfreie Luft und gl\u00fcckliche Katzen.<\/p>\n<\/div><\/div><div class=\"w-separator size_medium\"><\/div><div class=\"w-btn-wrapper align_none\"><a class=\"w-btn us-btn-style_1\" href=\"#where-to-buy\"><span class=\"w-btn-label\">Wo kaufen<\/span><\/a><\/div><\/div><\/div><div class=\"wpb_column vc_column_container\"><div class=\"vc_column-inner\"><div class=\"w-image us_custom_73c9dc32 has_ratio align_center\"><div class=\"w-image-h\"><div style=\"padding-bottom:100%\"><\/div><img decoding=\"async\" width=\"1664\" height=\"1624\" src=\"https:\/\/petair.fissunov.com\/wp-content\/uploads\/2025\/11\/D1-SP201-B.png\" class=\"attachment-full size-full\" alt=\"\" loading=\"lazy\" \/><\/div><\/div><\/div><\/div><\/div><div class=\"w-separator size_large\"><\/div><div class=\"w-grid type_carousel layout_327 preload_style_spinner items_5 ratio_1x1\" id=\"us_grid_1\" style=\"--items:5;--gap:12px;--item-ratio:1;\"><style>.layout_327 .w-grid-item-h{}.layout_327 .usg_post_image_1{border-radius:16px!important}<\/style><div class=\"w-grid-list owl-carousel valign_stretch dotstyle_circle navstyle_circle navpos_outside owl-responsive-2000 with_dots with_arrows\" style=\"--transition-duration:350ms;--arrows-size:1.5rem;\">\t<article class=\"w-grid-item post-657 attachment type-attachment status-inherit hentry\" data-id=\"657\">\r\n\t\t<div class=\"w-grid-item-h\">\r\n\t\t\t\t\t\t<div class=\"w-post-elm post_image usg_post_image_1 has_ratio\"><a ref=\"magnificPopup\" href=\"https:\/\/petair.fissunov.com\/wp-content\/uploads\/2025\/11\/Foto_1a.png\" aria-label=\"Foto_1a\"><img loading=\"lazy\" decoding=\"async\" width=\"1893\" height=\"1080\" src=\"https:\/\/petair.fissunov.com\/wp-content\/uploads\/2025\/11\/Foto_1a.png\" class=\"attachment-full size-full\" alt=\"\" \/><\/a><div style=\"padding-bottom:100%\"><\/div><\/div>\t\t<\/div>\r\n\t\t\t<\/article>\r\n\t<article class=\"w-grid-item post-656 attachment type-attachment status-inherit hentry\" data-id=\"656\">\r\n\t\t<div class=\"w-grid-item-h\">\r\n\t\t\t\t\t\t<div class=\"w-post-elm post_image usg_post_image_1 has_ratio\"><a ref=\"magnificPopup\" href=\"https:\/\/petair.fissunov.com\/wp-content\/uploads\/2025\/11\/Foto_1b.png.webp\" aria-label=\"Foto_1b.png\"><img loading=\"lazy\" decoding=\"async\" width=\"1898\" height=\"1065\" src=\"https:\/\/petair.fissunov.com\/wp-content\/uploads\/2025\/11\/Foto_1b.png.webp\" class=\"attachment-full size-full\" alt=\"\" \/><\/a><div style=\"padding-bottom:100%\"><\/div><\/div>\t\t<\/div>\r\n\t\t\t<\/article>\r\n\t<article class=\"w-grid-item post-655 attachment type-attachment status-inherit hentry\" data-id=\"655\">\r\n\t\t<div class=\"w-grid-item-h\">\r\n\t\t\t\t\t\t<div class=\"w-post-elm post_image usg_post_image_1 has_ratio\"><a ref=\"magnificPopup\" href=\"https:\/\/petair.fissunov.com\/wp-content\/uploads\/2025\/11\/Foto_2a-2.png.webp\" aria-label=\"Foto_2a-2.png\"><img loading=\"lazy\" decoding=\"async\" width=\"1920\" height=\"1080\" src=\"https:\/\/petair.fissunov.com\/wp-content\/uploads\/2025\/11\/Foto_2a-2.png.webp\" class=\"attachment-full size-full\" alt=\"\" \/><\/a><div style=\"padding-bottom:100%\"><\/div><\/div>\t\t<\/div>\r\n\t\t\t<\/article>\r\n\t<article class=\"w-grid-item post-654 attachment type-attachment status-inherit hentry\" data-id=\"654\">\r\n\t\t<div class=\"w-grid-item-h\">\r\n\t\t\t\t\t\t<div class=\"w-post-elm post_image usg_post_image_1 has_ratio\"><a ref=\"magnificPopup\" href=\"https:\/\/petair.fissunov.com\/wp-content\/uploads\/2025\/11\/Foto_2b-2.png\" aria-label=\"Foto_2b-2\"><img loading=\"lazy\" decoding=\"async\" width=\"1913\" height=\"1080\" src=\"https:\/\/petair.fissunov.com\/wp-content\/uploads\/2025\/11\/Foto_2b-2.png\" class=\"attachment-full size-full\" alt=\"\" \/><\/a><div style=\"padding-bottom:100%\"><\/div><\/div>\t\t<\/div>\r\n\t\t\t<\/article>\r\n\t<article class=\"w-grid-item post-653 attachment type-attachment status-inherit hentry\" data-id=\"653\">\r\n\t\t<div class=\"w-grid-item-h\">\r\n\t\t\t\t\t\t<div class=\"w-post-elm post_image usg_post_image_1 has_ratio\"><a ref=\"magnificPopup\" href=\"https:\/\/petair.fissunov.com\/wp-content\/uploads\/2025\/11\/Foto_3-2.png.webp\" aria-label=\"Foto_3-2.png\"><img loading=\"lazy\" decoding=\"async\" width=\"1920\" height=\"1080\" src=\"https:\/\/petair.fissunov.com\/wp-content\/uploads\/2025\/11\/Foto_3-2.png.webp\" class=\"attachment-full size-full\" alt=\"\" \/><\/a><div style=\"padding-bottom:100%\"><\/div><\/div>\t\t<\/div>\r\n\t\t\t<\/article>\r\n\t<article class=\"w-grid-item post-652 attachment type-attachment status-inherit hentry\" data-id=\"652\">\r\n\t\t<div class=\"w-grid-item-h\">\r\n\t\t\t\t\t\t<div class=\"w-post-elm post_image usg_post_image_1 has_ratio\"><a ref=\"magnificPopup\" href=\"https:\/\/petair.fissunov.com\/wp-content\/uploads\/2025\/11\/Foto_4-2.png.webp\" aria-label=\"Foto_4-2.png\"><img loading=\"lazy\" decoding=\"async\" width=\"1920\" height=\"1080\" src=\"https:\/\/petair.fissunov.com\/wp-content\/uploads\/2025\/11\/Foto_4-2.png.webp\" class=\"attachment-full size-full\" alt=\"\" \/><\/a><div style=\"padding-bottom:100%\"><\/div><\/div>\t\t<\/div>\r\n\t\t\t<\/article>\r\n\t<article class=\"w-grid-item post-651 attachment type-attachment status-inherit hentry\" data-id=\"651\">\r\n\t\t<div class=\"w-grid-item-h\">\r\n\t\t\t\t\t\t<div class=\"w-post-elm post_image usg_post_image_1 has_ratio\"><a ref=\"magnificPopup\" href=\"https:\/\/petair.fissunov.com\/wp-content\/uploads\/2025\/11\/Foto_5-1.png.webp\" aria-label=\"Foto_5-1.png\"><img loading=\"lazy\" decoding=\"async\" width=\"1920\" height=\"1080\" src=\"https:\/\/petair.fissunov.com\/wp-content\/uploads\/2025\/11\/Foto_5-1.png.webp\" class=\"attachment-full size-full\" alt=\"\" \/><\/a><div style=\"padding-bottom:100%\"><\/div><\/div>\t\t<\/div>\r\n\t\t\t<\/article>\r\n\t<article class=\"w-grid-item post-650 attachment type-attachment status-inherit hentry\" data-id=\"650\">\r\n\t\t<div class=\"w-grid-item-h\">\r\n\t\t\t\t\t\t<div class=\"w-post-elm post_image usg_post_image_1 has_ratio\"><a ref=\"magnificPopup\" href=\"https:\/\/petair.fissunov.com\/wp-content\/uploads\/2025\/11\/Foto_6-1.png.webp\" aria-label=\"Foto_6-1.png\"><img loading=\"lazy\" decoding=\"async\" width=\"1920\" height=\"1080\" src=\"https:\/\/petair.fissunov.com\/wp-content\/uploads\/2025\/11\/Foto_6-1.png.webp\" class=\"attachment-full size-full\" alt=\"\" \/><\/a><div style=\"padding-bottom:100%\"><\/div><\/div>\t\t<\/div>\r\n\t\t\t<\/article>\r\n\t<article class=\"w-grid-item post-649 attachment type-attachment status-inherit hentry\" data-id=\"649\">\r\n\t\t<div class=\"w-grid-item-h\">\r\n\t\t\t\t\t\t<div class=\"w-post-elm post_image usg_post_image_1 has_ratio\"><a ref=\"magnificPopup\" href=\"https:\/\/petair.fissunov.com\/wp-content\/uploads\/2025\/11\/Foto_7-2.png.webp\" aria-label=\"Foto_7-2.png\"><img loading=\"lazy\" decoding=\"async\" width=\"1920\" height=\"1080\" src=\"https:\/\/petair.fissunov.com\/wp-content\/uploads\/2025\/11\/Foto_7-2.png.webp\" class=\"attachment-full size-full\" alt=\"\" \/><\/a><div style=\"padding-bottom:100%\"><\/div><\/div>\t\t<\/div>\r\n\t\t\t<\/article>\r\n\t<article class=\"w-grid-item post-648 attachment type-attachment status-inherit hentry\" data-id=\"648\">\r\n\t\t<div class=\"w-grid-item-h\">\r\n\t\t\t\t\t\t<div class=\"w-post-elm post_image usg_post_image_1 has_ratio\"><a ref=\"magnificPopup\" href=\"https:\/\/petair.fissunov.com\/wp-content\/uploads\/2025\/11\/Foto_8-2.png.webp\" aria-label=\"Foto_8-2.png\"><img loading=\"lazy\" decoding=\"async\" width=\"1920\" height=\"1080\" src=\"https:\/\/petair.fissunov.com\/wp-content\/uploads\/2025\/11\/Foto_8-2.png.webp\" class=\"attachment-full size-full\" alt=\"\" \/><\/a><div style=\"padding-bottom:100%\"><\/div><\/div>\t\t<\/div>\r\n\t\t\t<\/article>\r\n\t<article class=\"w-grid-item post-647 attachment type-attachment status-inherit hentry\" data-id=\"647\">\r\n\t\t<div class=\"w-grid-item-h\">\r\n\t\t\t\t\t\t<div class=\"w-post-elm post_image usg_post_image_1 has_ratio\"><a ref=\"magnificPopup\" href=\"https:\/\/petair.fissunov.com\/wp-content\/uploads\/2025\/11\/Foto_9-2.png.webp\" aria-label=\"Foto_9-2.png\"><img loading=\"lazy\" decoding=\"async\" width=\"1494\" height=\"788\" src=\"https:\/\/petair.fissunov.com\/wp-content\/uploads\/2025\/11\/Foto_9-2.png.webp\" class=\"attachment-full size-full\" alt=\"\" \/><\/a><div style=\"padding-bottom:100%\"><\/div><\/div>\t\t<\/div>\r\n\t\t\t<\/article>\r\n\t<article class=\"w-grid-item post-646 attachment type-attachment status-inherit hentry\" data-id=\"646\">\r\n\t\t<div class=\"w-grid-item-h\">\r\n\t\t\t\t\t\t<div class=\"w-post-elm post_image usg_post_image_1 has_ratio\"><a ref=\"magnificPopup\" href=\"https:\/\/petair.fissunov.com\/wp-content\/uploads\/2025\/11\/Foto_9b.jpg.webp\" aria-label=\"Foto_9b.jpg\"><img loading=\"lazy\" decoding=\"async\" width=\"750\" height=\"687\" src=\"https:\/\/petair.fissunov.com\/wp-content\/uploads\/2025\/11\/Foto_9b.jpg.webp\" class=\"attachment-full size-full\" alt=\"\" \/><\/a><div style=\"padding-bottom:100%\"><\/div><\/div>\t\t<\/div>\r\n\t\t\t<\/article>\r\n\t<article class=\"w-grid-item post-645 attachment type-attachment status-inherit hentry\" data-id=\"645\">\r\n\t\t<div class=\"w-grid-item-h\">\r\n\t\t\t\t\t\t<div class=\"w-post-elm post_image usg_post_image_1 has_ratio\"><a ref=\"magnificPopup\" href=\"https:\/\/petair.fissunov.com\/wp-content\/uploads\/2025\/11\/Foto_10-2.png.webp\" aria-label=\"Foto_10-2.png\"><img loading=\"lazy\" decoding=\"async\" width=\"1920\" height=\"1080\" src=\"https:\/\/petair.fissunov.com\/wp-content\/uploads\/2025\/11\/Foto_10-2.png.webp\" class=\"attachment-full size-full\" alt=\"\" \/><\/a><div style=\"padding-bottom:100%\"><\/div><\/div>\t\t<\/div>\r\n\t\t\t<\/article>\r\n\t<article class=\"w-grid-item post-644 attachment type-attachment status-inherit hentry\" data-id=\"644\">\r\n\t\t<div class=\"w-grid-item-h\">\r\n\t\t\t\t\t\t<div class=\"w-post-elm post_image usg_post_image_1 has_ratio\"><a ref=\"magnificPopup\" href=\"https:\/\/petair.fissunov.com\/wp-content\/uploads\/2025\/11\/Foto_11-2.png.webp\" aria-label=\"Foto_11-2.png\"><img loading=\"lazy\" decoding=\"async\" width=\"1920\" height=\"1080\" src=\"https:\/\/petair.fissunov.com\/wp-content\/uploads\/2025\/11\/Foto_11-2.png.webp\" class=\"attachment-full size-full\" alt=\"\" \/><\/a><div style=\"padding-bottom:100%\"><\/div><\/div>\t\t<\/div>\r\n\t\t\t<\/article>\r\n\t<article class=\"w-grid-item post-643 attachment type-attachment status-inherit hentry\" data-id=\"643\">\r\n\t\t<div class=\"w-grid-item-h\">\r\n\t\t\t\t\t\t<div class=\"w-post-elm post_image usg_post_image_1 has_ratio\"><a ref=\"magnificPopup\" href=\"https:\/\/petair.fissunov.com\/wp-content\/uploads\/2025\/11\/Foto_12.png.webp\" aria-label=\"Foto_12.png\"><img loading=\"lazy\" decoding=\"async\" width=\"1920\" height=\"1080\" src=\"https:\/\/petair.fissunov.com\/wp-content\/uploads\/2025\/11\/Foto_12.png.webp\" class=\"attachment-full size-full\" alt=\"\" \/><\/a><div style=\"padding-bottom:100%\"><\/div><\/div>\t\t<\/div>\r\n\t\t\t<\/article>\r\n<\/div>\t<div class=\"g-preloader type_1\">\r\n\t\t<div><\/div>\r\n\t<\/div>\r\n\t\t<div class=\"w-grid-json hidden\" onclick='return {&quot;action&quot;:&quot;us_ajax_grid&quot;,&quot;infinite_scroll&quot;:0,&quot;max_num_pages&quot;:2,&quot;pagination&quot;:&quot;none&quot;,&quot;template_vars&quot;:{&quot;columns&quot;:&quot;&quot;,&quot;exclude_items&quot;:&quot;none&quot;,&quot;img_size&quot;:&quot;default&quot;,&quot;ignore_items_size&quot;:0,&quot;items_layout&quot;:&quot;327&quot;,&quot;items_offset&quot;:&quot;0px&quot;,&quot;load_animation&quot;:&quot;none&quot;,&quot;overriding_link&quot;:&quot;%7B%22url%22%3A%22%22%7D&quot;,&quot;post_id&quot;:0,&quot;query_args&quot;:{&quot;post_type&quot;:[&quot;attachment&quot;],&quot;post__in&quot;:[&quot;397&quot;,&quot;398&quot;,&quot;399&quot;,&quot;400&quot;,&quot;401&quot;,&quot;402&quot;,&quot;403&quot;,&quot;404&quot;,&quot;405&quot;,&quot;406&quot;,&quot;407&quot;,&quot;408&quot;,&quot;409&quot;,&quot;410&quot;,&quot;411&quot;,&quot;412&quot;,&quot;413&quot;],&quot;post_status&quot;:&quot;inherit&quot;,&quot;post_mime_type&quot;:&quot;image&quot;,&quot;posts_per_page&quot;:&quot;15&quot;},&quot;orderby_query_args&quot;:{&quot;orderby&quot;:{&quot;date&quot;:&quot;DESC&quot;}},&quot;type&quot;:&quot;carousel&quot;,&quot;us_grid_post_type&quot;:&quot;attachment&quot;,&quot;us_grid_ajax_index&quot;:1,&quot;us_grid_filter_query_string&quot;:null,&quot;us_grid_index&quot;:1,&quot;page_args&quot;:[],&quot;lang&quot;:&quot;it&quot;},&quot;carousel_settings&quot;:{&quot;aria_labels&quot;:{&quot;prev&quot;:&quot;Precedente&quot;,&quot;next&quot;:&quot;Prossimo&quot;},&quot;autoplayContinual&quot;:false,&quot;autoplayHoverPause&quot;:true,&quot;autoplayTimeout&quot;:3000,&quot;autoWidth&quot;:false,&quot;smartSpeed&quot;:350,&quot;margin&quot;:0,&quot;mouseDrag&quot;:true,&quot;rtl&quot;:false,&quot;slideBy&quot;:&quot;1&quot;,&quot;touchDrag&quot;:true,&quot;slideTransition&quot;:&quot;&quot;,&quot;responsive&quot;:{&quot;0&quot;:{&quot;autoHeight&quot;:false,&quot;autoplay&quot;:true,&quot;autoWidth&quot;:false,&quot;center&quot;:false,&quot;dots&quot;:true,&quot;items&quot;:3,&quot;loop&quot;:false,&quot;nav&quot;:true,&quot;stagePadding&quot;:0,&quot;slideBy&quot;:&quot;1&quot;},&quot;601&quot;:{&quot;items&quot;:5,&quot;autoplay&quot;:true,&quot;center&quot;:false,&quot;dots&quot;:true,&quot;nav&quot;:true,&quot;autoHeight&quot;:false,&quot;autoWidth&quot;:false,&quot;loop&quot;:true,&quot;stagePadding&quot;:0}}}}'><\/div>\r\n\t<\/div><div class=\"w-separator size_large\"><\/div><div class=\"g-cols wpb_row via_grid cols_2 laptops-cols_inherit tablets-cols_inherit mobiles-cols_1 valign_top type_default stacking_default\" style=\"--columns-gap:3rem;\"><div class=\"wpb_column vc_column_container\"><div class=\"vc_column-inner\"><h5 class=\"w-text icon_atleft\"><span class=\"w-text-h\"><i class=\"fas fa-wind\"><\/i><span class=\"w-text-value\">Saubere Luft f\u00fcr Mensch &amp; Tier<\/span><\/span><\/h5><div class=\"wpb_text_column\"><div class=\"wpb_wrapper\"><ul>\n<li>3-stufiges Filtersystem mit HEPA-13-Filter entfernt bis zu 99,97 % aller Tierhaare, Pollen, Staub und Ger\u00fcche.<\/li>\n<li>Modifizierter Aktivkohlefilter neutralisiert unangenehme Ger\u00fcche von Katzentoiletten und Ammoniak.<\/li>\n<li>H13-Sterilisationsfilter wirkt effektiv. Entfernt bis zu 0.3 Mikrometer winzige Partikel wie Hautschuppen, Staubmilben, Bakterien und Schimmel.<\/li>\n<\/ul>\n<\/div><\/div><\/div><\/div><div class=\"wpb_column vc_column_container\"><div class=\"vc_column-inner\"><h5 class=\"w-text icon_atleft\"><span class=\"w-text-h\"><i class=\"far fa-paw\"><\/i><span class=\"w-text-value\">Spielspa\u00df inklusive<\/span><\/span><\/h5><div class=\"wpb_text_column\"><div class=\"wpb_wrapper\"><ul>\n<li>Integriertes Katzenspielzeug mit integrierten B\u00e4llen und einer Katzenminzekugel \u2013 stimuliert Bewegung, Neugier und Jagdinstinkt.<\/li>\n<li>Multifunktionales Ger\u00e4t mit einem integrierten Kratzbaum f\u00fcr den Komfort Ihres Hautieres. Lassen Sie Ihre Katze ihre Krallen kratzen, sich reiben und so Stress abbauen.<\/li>\n<li>App-Steuerung: Passen Sie Geschwindigkeit, Zeitplan und Timer ganz bequem per Smartphone an.<\/li>\n<\/ul>\n<\/div><\/div><\/div><\/div><\/div><div class=\"w-separator size_large with_line width_default thick_1 style_solid color_border align_center\"><div class=\"w-separator-h\"><\/div><\/div><div class=\"g-cols wpb_row via_grid cols_2 laptops-cols_inherit tablets-cols_inherit mobiles-cols_1 valign_top type_default stacking_default\" style=\"--columns-gap:3rem;\"><div class=\"wpb_column vc_column_container\"><div class=\"vc_column-inner\"><h5 class=\"w-text icon_atleft\"><span class=\"w-text-h\"><i class=\"far fa-waveform\"><\/i><span class=\"w-text-value\">Leise, stilvoll, intelligent<\/span><\/span><\/h5><div class=\"wpb_text_column\"><div class=\"wpb_wrapper\"><ul>\n<li>Fl\u00fcsterleiser Betrieb \u2013 ideal f\u00fcr Schlafzimmer und Wohnzimmer.<\/li>\n<li>Modernes Design in sanften Farbt\u00f6nen f\u00fcgt sich harmonisch in jedes Zuhause ein.<\/li>\n<li>Automatische Luftqualit\u00e4tsmessung mit LED-Anzeige \u2013 so sehen Sie immer, wie rein Ihre Luft ist.<\/li>\n<\/ul>\n<\/div><\/div><\/div><\/div><div class=\"wpb_column vc_column_container\"><div class=\"vc_column-inner\"><h5 class=\"w-text icon_atleft\"><span class=\"w-text-h\"><i class=\"far fa-leaf\"><\/i><span class=\"w-text-value\">Perfekt f\u00fcr:<\/span><\/span><\/h5><div class=\"wpb_text_column\"><div class=\"wpb_wrapper\"><ul>\n<li>Katzenbesitzer, die Allergene reduzieren m\u00f6chten<\/li>\n<li>Haushalte mit mehreren Tieren<\/li>\n<li>Menschen, die Wert auf ein sauberes, geruchsfreies Zuhause legen<\/li>\n<\/ul>\n<\/div><\/div><\/div><\/div><\/div><div class=\"w-separator size_large\"><\/div><div class=\"g-cols wpb_row us_custom_22382e63 via_grid cols_1 laptops-cols_inherit tablets-cols_inherit mobiles-cols_1 valign_top type_default stacking_default\" style=\"--columns-gap:3rem;\"><div class=\"wpb_column vc_column_container\"><div class=\"vc_column-inner\"><div class=\"w-video us_custom_0142aecc align_center ratio_16x9 has_border_radius\"><div class=\"w-video-h\"><video  preload=\"metadata\" playsinline controls autoplay loop muted><source type=\"video\/mp4\" src=\"\/wp-content\/uploads\/2025\/11\/vid1-pet.mp4\" \/><\/video><\/div><\/div><\/div><\/div><\/div><div class=\"w-separator size_large\"><\/div><div class=\"g-cols wpb_row us_custom_339b1a2b via_grid cols_1 laptops-cols_inherit tablets-cols_inherit mobiles-cols_1 valign_top type_default stacking_default\" style=\"--columns-gap:3rem;\" id=\"where-to-buy\"><div class=\"wpb_column vc_column_container\"><div class=\"vc_column-inner\"><div class=\"w-image us_custom_dfad6dcc align_center\"><div class=\"w-image-h\"><img decoding=\"async\" src=\"https:\/\/petair.fissunov.com\/wp-content\/uploads\/2025\/11\/shopping-cart.svg\" class=\"attachment-full size-full\" alt=\"\" loading=\"lazy\" \/><\/div><\/div><h4 class=\"w-text us_custom_9410822b\"><span class=\"w-text-h\"><span class=\"w-text-value\">Im Handel erh\u00e4ltlich bei folgenden Partnern<\/span><\/span><\/h4><div class=\"wpb_text_column us_custom_24f2dd60\"><div class=\"wpb_wrapper\"><p style=\"text-align: center;\">\u00dcbersicht der H\u00e4ndler und Partner, bei denen dieses Produkt erh\u00e4ltlich ist<\/p>\n<\/div><\/div><div class=\"w-separator size_custom\" style=\"height:40px\"><\/div><div class=\"w-hwrapper valign_top wrap align_center\" style=\"--hwrapper-gap:24px\"><div class=\"w-image us_custom_ec8459fd align_none\"><div class=\"w-image-h\"><img decoding=\"async\" width=\"488\" height=\"228\" src=\"https:\/\/petair.fissunov.com\/wp-content\/uploads\/2025\/11\/amazon-min.png\" class=\"attachment-full size-full\" alt=\"\" loading=\"lazy\" srcset=\"https:\/\/petair.fissunov.com\/wp-content\/uploads\/2025\/11\/amazon-min.png 488w, https:\/\/petair.fissunov.com\/wp-content\/uploads\/2025\/11\/amazon-min-300x140.png 300w\" sizes=\"auto, (max-width: 488px) 100vw, 488px\" \/><\/div><\/div><div class=\"w-image us_custom_ec8459fd align_none\"><div class=\"w-image-h\"><img decoding=\"async\" width=\"488\" height=\"228\" src=\"https:\/\/petair.fissunov.com\/wp-content\/uploads\/2025\/11\/Mediamarkt-min.png\" class=\"attachment-full size-full\" alt=\"\" loading=\"lazy\" srcset=\"https:\/\/petair.fissunov.com\/wp-content\/uploads\/2025\/11\/Mediamarkt-min.png 488w, https:\/\/petair.fissunov.com\/wp-content\/uploads\/2025\/11\/Mediamarkt-min-300x140.png 300w\" sizes=\"auto, (max-width: 488px) 100vw, 488px\" \/><\/div><\/div><div class=\"w-image us_custom_ec8459fd align_none\"><div class=\"w-image-h\"><img decoding=\"async\" width=\"488\" height=\"228\" src=\"https:\/\/petair.fissunov.com\/wp-content\/uploads\/2025\/11\/Galaxus-min.png\" class=\"attachment-full size-full\" alt=\"\" loading=\"lazy\" srcset=\"https:\/\/petair.fissunov.com\/wp-content\/uploads\/2025\/11\/Galaxus-min.png 488w, https:\/\/petair.fissunov.com\/wp-content\/uploads\/2025\/11\/Galaxus-min-300x140.png 300w\" sizes=\"auto, (max-width: 488px) 100vw, 488px\" \/><\/div><\/div><div class=\"w-image us_custom_ec8459fd align_none\"><div class=\"w-image-h\"><img decoding=\"async\" width=\"488\" height=\"228\" src=\"https:\/\/petair.fissunov.com\/wp-content\/uploads\/2025\/11\/otto-min.png\" class=\"attachment-full size-full\" alt=\"\" loading=\"lazy\" srcset=\"https:\/\/petair.fissunov.com\/wp-content\/uploads\/2025\/11\/otto-min.png 488w, https:\/\/petair.fissunov.com\/wp-content\/uploads\/2025\/11\/otto-min-300x140.png 300w\" sizes=\"auto, (max-width: 488px) 100vw, 488px\" \/><\/div><\/div><\/div><\/div><\/div><\/div><\/div><\/div><\/div><\/div><\/section>\n","protected":false},"excerpt":{"rendered":"","protected":false},"author":1,"featured_media":0,"parent":0,"menu_order":0,"comment_status":"closed","ping_status":"closed","template":"","meta":{"footnotes":""},"class_list":["post-606","page","type-page","status-publish","hentry"],"_links":{"self":[{"href":"https:\/\/petair.fissunov.com\/it\/wp-json\/wp\/v2\/pages\/606","targetHints":{"allow":["GET"]}}],"collection":[{"href":"https:\/\/petair.fissunov.com\/it\/wp-json\/wp\/v2\/pages"}],"about":[{"href":"https:\/\/petair.fissunov.com\/it\/wp-json\/wp\/v2\/types\/page"}],"author":[{"embeddable":true,"href":"https:\/\/petair.fissunov.com\/it\/wp-json\/wp\/v2\/users\/1"}],"replies":[{"embeddable":true,"href":"https:\/\/petair.fissunov.com\/it\/wp-json\/wp\/v2\/comments?post=606"}],"version-history":[{"count":3,"href":"https:\/\/petair.fissunov.com\/it\/wp-json\/wp\/v2\/pages\/606\/revisions"}],"predecessor-version":[{"id":790,"href":"https:\/\/petair.fissunov.com\/it\/wp-json\/wp\/v2\/pages\/606\/revisions\/790"}],"wp:attachment":[{"href":"https:\/\/petair.fissunov.com\/it\/wp-json\/wp\/v2\/media?parent=606"}],"curies":[{"name":"wp","href":"https:\/\/api.w.org\/{rel}","templated":true}]}}